{"id":6,"date":"2020-04-01T01:54:57","date_gmt":"2020-04-01T00:54:57","guid":{"rendered":"http:\/\/arunaconsultores.com\/?page_id=6"},"modified":"2025-01-06T17:22:23","modified_gmt":"2025-01-06T17:22:23","slug":"mesmerize","status":"publish","type":"page","link":"https:\/\/arunaconsultores.com\/","title":{"rendered":"Front Page"},"content":{"rendered":"<div  id=\"nosotros\" class=\"about-images-right-section-mc content-section content-section-spacing\" style=\"background-color: #f5fafd;\" data-label=\"Nosotros\" data-id=\"about-images-right-section-mc\" data-export-id=\"about-images-right-section-mc\" data-bullets-visibility=\"true\" data-category=\"about\">\n<div  class=\"gridContainer\">\n<div  class=\"row middle-sm text-center\">\n<div  class=\"col-sm-5 content-left-sm\" data-type=\"column\">\n<h2  class=\"\">Qui\u00e9nes Somos?<\/h2>\n<p  class=\"western\" align=\"left\">En ARUNA Consultores somos un equipo multidisciplinario de expertos apasionados por el AMBIENTE y la SEGURIDAD OCUPACIONAL. Con experiencia en los sectores p\u00fablico y privado, transformamos nuestro conocimiento en soluciones personalizadas para personas y empresas, apoy\u00e1ndolas en cualquier tipo de proyecto, obra o actividad.<br ><\/p>\n<p  class=\"western\" align=\"left\">El nombre ARUNA proviene de la mitolog\u00eda hind\u00fa y representa el resplandor rojizo que anuncia la llegada del sol. Inspirados en esta met\u00e1fora, nuestra misi\u00f3n es ayudar a nuestros clientes a brillar en su campo de especializaci\u00f3n, mientras nos encargamos de resolver desaf\u00edos y cumplir con sus necesidades en nuestras \u00e1reas de experiencia.\n<br ><br >En ARUNA Consultores, no solo brindamos asesor\u00eda, sino que creamos alianzas estrat\u00e9gicas para impulsar el \u00e9xito de cada cliente. Porque tu progreso es nuestro prop\u00f3sito.<br ><\/p>\n\n<\/div>\n<div  class=\"col-sm-7 space-bottom-xs\">\n<div  class=\"image-group-side-3-img\"><img  decoding=\"async\" class=\"topimg shadow-large\" title=\"cropped-simon-matzinger-IzsVq4gwQO4-unsplash-scaled-1.jpg\" src=\"https:\/\/arunaconsultores.com\/wp-content\/uploads\/2020\/04\/cropped-simon-matzinger-IzsVq4gwQO4-unsplash-scaled-1.jpg\" alt=\"\"> <img  decoding=\"async\" class=\"rightimg shadow-large\" title=\"cropped-ricardo-velasquez-7K5szrmSYnY-unsplash-scaled-1.jpg\" src=\"https:\/\/arunaconsultores.com\/wp-content\/uploads\/2020\/04\/cropped-ricardo-velasquez-7K5szrmSYnY-unsplash-scaled-1.jpg\" alt=\"\">\n<div  class=\"leftimg\"><img  decoding=\"async\" class=\"shadow-large\" title=\"helloquence-5fNmWej4tAA-unsplash\" src=\"https:\/\/arunaconsultores.com\/wp-content\/uploads\/2020\/04\/helloquence-5fNmWej4tAA-unsplash.jpg\" alt=\"\"><\/div>\n<\/div>\n<\/div>\n<\/div>\n<\/div>\n<\/div><div  id=\"servicios\" class=\"features-16-card-bordered-mc content-section content-section-spacing\" style=\"background-color: #ffffff;\" data-label=\"Servicios\" data-id=\"features-16-card-bordered-mc\" data-export-id=\"features-16-card-bordered-mc\" data-bullets-visibility=\"true\" data-category=\"features\">\n<div  class=\"gridContainer\">\n<div  class=\"row text-center\">\n<div  class=\"section-title-col\" data-type=\"column\">\n<h2  class=\"\">Servicios<\/h2>\n<p  class=\"lead\">Nuestro equipo multidisciplinario de profesionales, se encuentra en la capacidad de atender diversos requerimientos que pueden encontrarse en la siguiente tem\u00e1tica general:<\/p>\n\n<\/div>\n<\/div>\n<div  class=\"row spaced-cols\" data-type=\"row\">\n<div  class=\"col-xs-12 col-sm-6 col-md-4\">\n<div  class=\"card no-padding bordered y-move\"><img  decoding=\"async\" class=\"face\" title=\"cropped-bill-oxford-rdLERs3ZGgQ-unsplash-scaled-1.jpg\" src=\"https:\/\/arunaconsultores.com\/wp-content\/uploads\/2020\/04\/cropped-bill-oxford-rdLERs3ZGgQ-unsplash-scaled-1.jpg\" alt=\"\">\n<div  class=\"col-padding-small col-padding-small-xs description-container\" data-type=\"column\">\n<h4  class=\"font-500\">Regularizaci\u00f3n y Control Ambiental<\/h4>\n<p  class=\"\">Se refiere a los diferentes procesos que son requeridos para la obtenci\u00f3n de Autorizaciones Administrativas Ambientales (permisos ambientales) y los mecanismos de control y seguimiento que son exigidos de acuerdo a la normativa ambiental vigente y aplicable.<\/p>\n\n<\/div>\n<div  class=\"col-padding-small col-padding-small-xs read-more-container\" data-type=\"column\"><a  class=\"read-more\">Conocer m\u00e1s<\/a><\/div>\n<\/div>\n<\/div>\n<div  class=\"col-xs-12 col-sm-6 col-md-4\">\n<div  class=\"card no-padding bordered y-move\"><img  decoding=\"async\" class=\"face\" title=\"jasmin-sessler-CIItgnBEOgw-unsplash\" src=\"https:\/\/arunaconsultores.com\/wp-content\/uploads\/2020\/04\/jasmin-sessler-CIItgnBEOgw-unsplash-scaled.jpg\" alt=\"\">\n<div  class=\"col-padding-small col-padding-small-xs description-container\" data-type=\"column\">\n<h4  class=\"font-500\">Residuos Peligrosos y No Peligrosos<\/h4>\n<p  class=\"\">Conforma una tem\u00e1tica espec\u00edfica de regularizaci\u00f3n y control ambiental, cuando cualquier tipo de proyecto, obra o actividad, genera o gestiona residuos peligrosos, no peligrosos o especiales.<\/p>\n\n<\/div>\n<div  class=\"col-padding-small col-padding-small-xs read-more-container\" data-type=\"column\"><a  class=\"read-more\">Conocer m\u00e1s<\/a><\/div>\n<\/div>\n<\/div>\n<div  class=\"col-xs-12 col-sm-6 col-md-4\">\n<div  class=\"card no-padding bordered y-move\"><img  decoding=\"async\" class=\"face\" title=\"ahsan-s-UTO8escGF3M-unsplash\" src=\"https:\/\/arunaconsultores.com\/wp-content\/uploads\/2020\/04\/ahsan-s-UTO8escGF3M-unsplash-scaled.jpg\" alt=\"\">\n<div  class=\"col-padding-small col-padding-small-xs description-container\" data-type=\"column\">\n<h4  class=\"font-500\">Seguridad Ocupacional<\/h4>\n<p  class=\"\">Abarca un proceso general de gesti\u00f3n de riesgos laborales, acorde a las caracter\u00edsticas particulares del&nbsp; proyecto, obra o actividad.<\/p>\n\n\n<hr  class=\"\">\n\n<a  class=\"read-more\">Conocer m\u00e1s<\/a>\n\n<\/div>\n<\/div>\n<\/div>\n<\/div>\n<\/div>\n<\/div><div  id=\"fortaleza\" class=\"content-7-mc content-section content-section-spacing\" style=\"background-color: #f5fafd;\" data-label=\"Fortaleza\" data-id=\"content-7-mc\" data-export-id=\"content-7-mc\" data-category=\"content\">\n<div  class=\"gridContainer\">\n<div  class=\"row middle-sm\">\n<div  class=\"col-sm-6 space-bottom-xs\" data-type=\"column\">\n<h2  class=\"\">Nuestra Fortaleza<\/h2>\n<p  class=\"western\" align=\"left\"><span  lang=\"es-EC\">Entendemos que cada proyecto, obra o actividad tiene requerimientos t\u00e9cnicos y legales \u00fanicos. Por eso, hemos perfeccionado nuestras habilidades para interpretar y aplicar la normativa vigente de manera precisa, ofreciendo una asesor\u00eda completamente personalizada que se ajusta a las necesidades espec\u00edficas de cada cliente.<br ><br >Nos enfocamos en maximizar el valor de su tiempo y recursos, brindando soluciones eficientes y efectivas. En ARUNA Consultores, nuestra fortaleza radica en convertir los retos de nuestros clientes en oportunidades para crecer y destacar.&nbsp;<\/span><\/p>\n\n\n<\/div>\n<div  class=\"col-sm-6\" data-type=\"column\"><img  decoding=\"async\" class=\"shadow-large\" src=\"https:\/\/arunaconsultores.com\/wp-content\/uploads\/2020\/04\/headway-5QgIuuBxKwM-unsplash-scaled.jpg\" alt=\"\" title=\"headway-5QgIuuBxKwM-unsplash\"><\/div>\n<\/div>\n<\/div>\n<\/div><div  id=\"consultas\" class=\"contact-1-mc content-section content-section-spacing white-text\" style=\"background-color: rgb(255, 255, 255); background-image: url(&quot;http:\/\/arunaconsultores.com\/wp-content\/uploads\/2020\/04\/jose-garcia-iEPBfZbpn9g-unsplash-scaled.jpg&quot;); background-size: cover; background-position: center top;\" data-label=\"Consultas\" data-id=\"contact-1-mc\" data-export-id=\"contact-1-mc\" data-category=\"contact\" data-parallax-depth=\"20\" data-bullets-visibility=\"true\">\n<div  class=\"gridContainer\">\n<div  class=\"row text-center\">\n<div  class=\"section-title-col\" data-type=\"column\">\n<h2  class=\"\">Consultas<\/h2>\n<p  class=\"lead\">Estamos aqu\u00ed para ayudarte. No dudes en contactarnos; nuestro equipo de expertos est\u00e1 listo para atender tus necesidades con soluciones personalizadas y enfoque profesional en nuestras \u00e1reas de especializaci\u00f3n. Tu consulta es el primer paso para lograr resultados efectivos.<br ><\/p>\n\n<\/div>\n<\/div>\n<div  class=\"row text-center\">\n<div  class=\"col-xs-12 col-sm-8 col-sm-offset-2 contact-form-wrapper inline-info\">\n<div  class=\"card large-padding\">\n<div  class=\"\" data-content-shortcode=\"mesmerize_contact_form shortcode=&quot;wpforms id=&amp;amp;quot;82&amp;amp;quot;&quot;\" data-editable=\"true\"><div class=\"wpforms-container wpforms-container-full\" id=\"wpforms-82\"><form id=\"wpforms-form-82\" class=\"wpforms-validate wpforms-form\" data-formid=\"82\" method=\"post\" enctype=\"multipart\/form-data\" action=\"\/index.php?rest_route=%2Fwp%2Fv2%2Fpages%2F6\"><noscript class=\"wpforms-error-noscript\">Please enable JavaScript in your browser to complete this form.<\/noscript><div class=\"wpforms-field-container\"><div id=\"wpforms-82-field_0-container\" class=\"wpforms-field wpforms-field-name\" data-field-id=\"0\"><label class=\"wpforms-field-label\" for=\"wpforms-82-field_0\">Nombre y Apellido <span class=\"wpforms-required-label\">*<\/span><\/label><input type=\"text\" id=\"wpforms-82-field_0\" class=\"wpforms-field-large wpforms-field-required\" name=\"wpforms[fields][0]\" required><\/div><div id=\"wpforms-82-field_1-container\" class=\"wpforms-field wpforms-field-email\" data-field-id=\"1\"><label class=\"wpforms-field-label\" for=\"wpforms-82-field_1\">Correo Electr\u00f3nico \/ E-mail <span class=\"wpforms-required-label\">*<\/span><\/label><input type=\"email\" id=\"wpforms-82-field_1\" class=\"wpforms-field-large wpforms-field-required\" name=\"wpforms[fields][1]\" required><\/div><div id=\"wpforms-82-field_5-container\" class=\"wpforms-field wpforms-field-number\" data-field-id=\"5\"><label class=\"wpforms-field-label\" for=\"wpforms-82-field_5\">Tel\u00e9fono \/ Celular <span class=\"wpforms-required-label\">*<\/span><\/label><input type=\"number\" pattern=\"\\d*\" id=\"wpforms-82-field_5\" class=\"wpforms-field-medium wpforms-field-required\" name=\"wpforms[fields][5]\" required><\/div><div id=\"wpforms-82-field_4-container\" class=\"wpforms-field wpforms-field-text\" data-field-id=\"4\"><label class=\"wpforms-field-label\" for=\"wpforms-82-field_4\">Tema <span class=\"wpforms-required-label\">*<\/span><\/label><input type=\"text\" id=\"wpforms-82-field_4\" class=\"wpforms-field-medium wpforms-field-required\" name=\"wpforms[fields][4]\" required><\/div><div id=\"wpforms-82-field_2-container\" class=\"wpforms-field wpforms-field-textarea\" data-field-id=\"2\"><label class=\"wpforms-field-label\" for=\"wpforms-82-field_2\">Descripci\u00f3n del Requerimiento <span class=\"wpforms-required-label\">*<\/span><\/label><textarea id=\"wpforms-82-field_2\" class=\"wpforms-field-large wpforms-field-required\" name=\"wpforms[fields][2]\" required><\/textarea><\/div><\/div><div class=\"wpforms-field wpforms-field-hp\"><label for=\"wpforms-82-field-hp\" class=\"wpforms-field-label\">Email<\/label><input type=\"text\" name=\"wpforms[hp]\" id=\"wpforms-82-field-hp\" class=\"wpforms-field-medium\"><\/div><div class=\"wpforms-submit-container\" ><input type=\"hidden\" name=\"wpforms[id]\" value=\"82\"><input type=\"hidden\" name=\"wpforms[author]\" value=\"1\"><button type=\"submit\" name=\"wpforms[submit]\" class=\"wpforms-submit button color1\" id=\"wpforms-submit-82\" value=\"wpforms-submit\" aria-live=\"assertive\" data-alt-text=\"Enviando...\" data-submit-text=\"Enviar\">Enviar<\/button><\/div><\/form><\/div>  <!-- .wpforms-container --><div><\/div><\/div>\n<\/div>\n<\/div>\n<\/div>\n<\/div>\n<\/div>","protected":false},"excerpt":{"rendered":"<p>Qui\u00e9nes Somos? En ARUNA Consultores somos un equipo multidisciplinario de expertos apasionados por el AMBIENTE y la SEGURIDAD OCUPACIONAL. Con experiencia en los sectores p\u00fablico y privado, transformamos nuestro conocimiento en soluciones personalizadas para personas y empresas, apoy\u00e1ndolas en cualquier tipo de proyecto, obra o actividad. El nombre ARUNA proviene de la mitolog\u00eda hind\u00fa y&hellip; <br \/> <a class=\"read-more\" href=\"https:\/\/arunaconsultores.com\/\">Read more<\/a><\/p>\n","protected":false},"author":1,"featured_media":0,"parent":0,"menu_order":0,"comment_status":"closed","ping_status":"closed","template":"page-templates\/homepage.php","meta":{"footnotes":""},"class_list":["post-6","page","type-page","status-publish","hentry"],"_links":{"self":[{"href":"https:\/\/arunaconsultores.com\/index.php?rest_route=\/wp\/v2\/pages\/6","targetHints":{"allow":["GET"]}}],"collection":[{"href":"https:\/\/arunaconsultores.com\/index.php?rest_route=\/wp\/v2\/pages"}],"about":[{"href":"https:\/\/arunaconsultores.com\/index.php?rest_route=\/wp\/v2\/types\/page"}],"author":[{"embeddable":true,"href":"https:\/\/arunaconsultores.com\/index.php?rest_route=\/wp\/v2\/users\/1"}],"replies":[{"embeddable":true,"href":"https:\/\/arunaconsultores.com\/index.php?rest_route=%2Fwp%2Fv2%2Fcomments&post=6"}],"version-history":[{"count":27,"href":"https:\/\/arunaconsultores.com\/index.php?rest_route=\/wp\/v2\/pages\/6\/revisions"}],"predecessor-version":[{"id":121,"href":"https:\/\/arunaconsultores.com\/index.php?rest_route=\/wp\/v2\/pages\/6\/revisions\/121"}],"wp:attachment":[{"href":"https:\/\/arunaconsultores.com\/index.php?rest_route=%2Fwp%2Fv2%2Fmedia&parent=6"}],"curies":[{"name":"wp","href":"https:\/\/api.w.org\/{rel}","templated":true}]}}